{"id":245,"date":"2018-06-20T07:25:44","date_gmt":"2018-06-20T05:25:44","guid":{"rendered":"https:\/\/obchod.algate.sk\/?product=handpicked-red-chillies"},"modified":"2024-07-10T07:03:11","modified_gmt":"2024-07-10T05:03:11","slug":"handpicked-red-chillies","status":"publish","type":"product","link":"https:\/\/obchod.algate.sk\/?product=handpicked-red-chillies","title":{"rendered":"N\u00e1doba 2,2l"},"content":{"rendered":"<p>Z\u00e1kladn\u00fd druh zbernej n\u00e1doby na pou\u017eit\u00fd olej. M\u00e1 zabudovan\u00e9 sitko ktor\u00e9 je mo\u017en\u00e9 um\u00fdva\u0165 aj v um\u00fdva\u010dke riadu. N\u00e1doba obsahuje unik\u00e1tny chip, ktor\u00fdm sa veko oleoboxu po prilo\u017een\u00ed automaticky otvor\u00ed<\/p>\n","protected":false},"excerpt":{"rendered":"<p>Z\u00e1kladn\u00fd druh zbernej n\u00e1doby na pou\u017eit\u00fd olej. M\u00e1 zabudovan\u00e9 sitko ktor\u00e9 je mo\u017en\u00e9 um\u00fdva\u0165 aj v um\u00fdva\u010dke riadu. N\u00e1doba obsahuje unik\u00e1tny chip, ktor\u00fdm sa veko oleoboxu po prilo\u017een\u00ed automaticky otvor\u00ed<\/p>\n","protected":false},"featured_media":5041,"template":"","meta":{"site-sidebar-layout":"default","site-content-layout":"default","ast-main-header-display":"","ast-hfb-above-header-display":"","ast-hfb-below-header-display":"","ast-hfb-mobile-header-display":"","site-post-title":"","ast-breadcrumbs-content":"","ast-featured-img":"","footer-sml-layout":"","theme-transparent-header-meta":"default","adv-header-id-meta":"","stick-header-meta":"","header-above-stick-meta":"","header-main-stick-meta":"","header-below-stick-meta":"","spay_email":""},"product_cat":[32],"product_tag":[],"class_list":{"0":"post-245","1":"product","2":"type-product","3":"status-publish","4":"has-post-thumbnail","6":"product_cat-nadoby-oleobox","8":"first","9":"instock","10":"featured","11":"taxable","12":"shipping-taxable","13":"purchasable","14":"product-type-simple"},"_links":{"self":[{"href":"https:\/\/obchod.algate.sk\/index.php?rest_route=\/wp\/v2\/product\/245","targetHints":{"allow":["GET"]}}],"collection":[{"href":"https:\/\/obchod.algate.sk\/index.php?rest_route=\/wp\/v2\/product"}],"about":[{"href":"https:\/\/obchod.algate.sk\/index.php?rest_route=\/wp\/v2\/types\/product"}],"wp:featuredmedia":[{"embeddable":true,"href":"https:\/\/obchod.algate.sk\/index.php?rest_route=\/wp\/v2\/media\/5041"}],"wp:attachment":[{"href":"https:\/\/obchod.algate.sk\/index.php?rest_route=%2Fwp%2Fv2%2Fmedia&parent=245"}],"wp:term":[{"taxonomy":"product_cat","embeddable":true,"href":"https:\/\/obchod.algate.sk\/index.php?rest_route=%2Fwp%2Fv2%2Fproduct_cat&post=245"},{"taxonomy":"product_tag","embeddable":true,"href":"https:\/\/obchod.algate.sk\/index.php?rest_route=%2Fwp%2Fv2%2Fproduct_tag&post=245"}],"curies":[{"name":"wp","href":"https:\/\/api.w.org\/{rel}","templated":true}]}}