{"id":5051,"date":"2022-01-28T16:23:10","date_gmt":"2022-01-28T15:23:10","guid":{"rendered":"https:\/\/obchod.algate.sk\/?post_type=product&#038;p=5051"},"modified":"2024-07-10T07:03:11","modified_gmt":"2024-07-10T05:03:11","slug":"nadoba-3l","status":"publish","type":"product","link":"https:\/\/obchod.algate.sk\/?product=nadoba-3l","title":{"rendered":"N\u00e1doba 3,2l"},"content":{"rendered":"<p>Kapacitne posta\u010duje v\u00e4\u010d\u0161\u00edm dom\u00e1cnostiam. Jej pr\u00edslu\u0161enstvo tvor\u00ed lievik s integrovan\u00fdm sitkom.<br \/>\nN\u00e1doba obsahuje unik\u00e1tny chip, ktor\u00fdm sa veko oleoboxu po prilo\u017een\u00ed automaticky otvor\u00ed<\/p>\n","protected":false},"excerpt":{"rendered":"<p>Kapacitne posta\u010duje v\u00e4\u010d\u0161\u00edm dom\u00e1cnostiam. Jej pr\u00edslu\u0161enstvo tvor\u00ed lievik s integrovan\u00fdm sitkom. N\u00e1doba obsahuje unik\u00e1tny chip, ktor\u00fdm sa veko oleoboxu po prilo\u017een\u00ed automaticky otvor\u00ed<\/p>\n","protected":false},"featured_media":5052,"template":"","meta":{"site-sidebar-layout":"default","site-content-layout":"default","ast-main-header-display":"","ast-hfb-above-header-display":"","ast-hfb-below-header-display":"","ast-hfb-mobile-header-display":"","site-post-title":"","ast-breadcrumbs-content":"","ast-featured-img":"","footer-sml-layout":"","theme-transparent-header-meta":"default","adv-header-id-meta":"","stick-header-meta":"","header-above-stick-meta":"","header-main-stick-meta":"","header-below-stick-meta":"","spay_email":""},"product_cat":[32],"product_tag":[],"class_list":{"0":"post-5051","1":"product","2":"type-product","3":"status-publish","4":"has-post-thumbnail","6":"product_cat-nadoby-oleobox","8":"first","9":"instock","10":"featured","11":"taxable","12":"shipping-taxable","13":"purchasable","14":"product-type-simple"},"_links":{"self":[{"href":"https:\/\/obchod.algate.sk\/index.php?rest_route=\/wp\/v2\/product\/5051","targetHints":{"allow":["GET"]}}],"collection":[{"href":"https:\/\/obchod.algate.sk\/index.php?rest_route=\/wp\/v2\/product"}],"about":[{"href":"https:\/\/obchod.algate.sk\/index.php?rest_route=\/wp\/v2\/types\/product"}],"wp:featuredmedia":[{"embeddable":true,"href":"https:\/\/obchod.algate.sk\/index.php?rest_route=\/wp\/v2\/media\/5052"}],"wp:attachment":[{"href":"https:\/\/obchod.algate.sk\/index.php?rest_route=%2Fwp%2Fv2%2Fmedia&parent=5051"}],"wp:term":[{"taxonomy":"product_cat","embeddable":true,"href":"https:\/\/obchod.algate.sk\/index.php?rest_route=%2Fwp%2Fv2%2Fproduct_cat&post=5051"},{"taxonomy":"product_tag","embeddable":true,"href":"https:\/\/obchod.algate.sk\/index.php?rest_route=%2Fwp%2Fv2%2Fproduct_tag&post=5051"}],"curies":[{"name":"wp","href":"https:\/\/api.w.org\/{rel}","templated":true}]}}