{"id":5055,"date":"2022-01-28T16:24:46","date_gmt":"2022-01-28T15:24:46","guid":{"rendered":"https:\/\/obchod.algate.sk\/?post_type=product&#038;p=5055"},"modified":"2024-07-10T07:03:11","modified_gmt":"2024-07-10T05:03:11","slug":"nadoba-exclusive","status":"publish","type":"product","link":"https:\/\/obchod.algate.sk\/?product=nadoba-exclusive","title":{"rendered":"N\u00e1doba exclusive"},"content":{"rendered":"<p>F\u013ea\u0161a vyroben\u00e1 s d\u00f4razom na dizajn s najv\u00e4\u010d\u0161\u00edm zabudovan\u00fdm sitkom. Svojim tvarom zaru\u010duje pohodln\u00e9 vylevanie oleja z frit\u00e9z a panv\u00edc. Je navrhnut\u00e1 na jednoduch\u00e9 pou\u017eitie a vlievanie do oleoboxu.<\/p>\n","protected":false},"excerpt":{"rendered":"<p>F\u013ea\u0161a vyroben\u00e1 s d\u00f4razom na dizajn s najv\u00e4\u010d\u0161\u00edm zabudovan\u00fdm sitkom. Svojim tvarom zaru\u010duje pohodln\u00e9 vylevanie oleja z frit\u00e9z a panv\u00edc. Je navrhnut\u00e1 na jednoduch\u00e9 pou\u017eitie a vlievanie do oleoboxu.<\/p>\n","protected":false},"featured_media":5056,"template":"","meta":{"site-sidebar-layout":"default","site-content-layout":"default","ast-main-header-display":"","ast-hfb-above-header-display":"","ast-hfb-below-header-display":"","ast-hfb-mobile-header-display":"","site-post-title":"","ast-breadcrumbs-content":"","ast-featured-img":"","footer-sml-layout":"","theme-transparent-header-meta":"default","adv-header-id-meta":"","stick-header-meta":"","header-above-stick-meta":"","header-main-stick-meta":"","header-below-stick-meta":"","spay_email":""},"product_cat":[32],"product_tag":[],"class_list":{"0":"post-5055","1":"product","2":"type-product","3":"status-publish","4":"has-post-thumbnail","6":"product_cat-nadoby-oleobox","8":"first","9":"instock","10":"featured","11":"taxable","12":"shipping-taxable","13":"purchasable","14":"product-type-simple"},"_links":{"self":[{"href":"https:\/\/obchod.algate.sk\/index.php?rest_route=\/wp\/v2\/product\/5055","targetHints":{"allow":["GET"]}}],"collection":[{"href":"https:\/\/obchod.algate.sk\/index.php?rest_route=\/wp\/v2\/product"}],"about":[{"href":"https:\/\/obchod.algate.sk\/index.php?rest_route=\/wp\/v2\/types\/product"}],"wp:featuredmedia":[{"embeddable":true,"href":"https:\/\/obchod.algate.sk\/index.php?rest_route=\/wp\/v2\/media\/5056"}],"wp:attachment":[{"href":"https:\/\/obchod.algate.sk\/index.php?rest_route=%2Fwp%2Fv2%2Fmedia&parent=5055"}],"wp:term":[{"taxonomy":"product_cat","embeddable":true,"href":"https:\/\/obchod.algate.sk\/index.php?rest_route=%2Fwp%2Fv2%2Fproduct_cat&post=5055"},{"taxonomy":"product_tag","embeddable":true,"href":"https:\/\/obchod.algate.sk\/index.php?rest_route=%2Fwp%2Fv2%2Fproduct_tag&post=5055"}],"curies":[{"name":"wp","href":"https:\/\/api.w.org\/{rel}","templated":true}]}}